{"id":5592,"date":"2016-12-05T09:17:34","date_gmt":"2016-12-05T09:17:34","guid":{"rendered":"http:\/\/demo.wpzoom.com\/inspiro\/?page_id=5592"},"modified":"2023-09-09T13:57:32","modified_gmt":"2023-09-09T11:57:32","slug":"about","status":"publish","type":"page","link":"https:\/\/ferienwohnung-wendisch.de\/?page_id=5592","title":{"rendered":""},"content":{"rendered":"\t\t<div data-elementor-type=\"wp-page\" data-elementor-id=\"5592\" class=\"elementor elementor-5592\">\n\t\t\t\t\t\t<section class=\"elementor-section elementor-top-section elementor-element elementor-element-6dd5e545 elementor-section-boxed elementor-section-height-default elementor-section-height-default\" data-id=\"6dd5e545\" data-element_type=\"section\" data-e-type=\"section\">\n\t\t\t\t\t\t<div class=\"elementor-container elementor-column-gap-no\">\n\t\t\t\t\t<div class=\"elementor-column elementor-col-100 elementor-top-column elementor-element elementor-element-35934f08\" data-id=\"35934f08\" data-element_type=\"column\" data-e-type=\"column\">\n\t\t\t<div class=\"elementor-widget-wrap elementor-element-populated\">\n\t\t\t\t\t\t<div class=\"elementor-element elementor-element-89ab21a elementor-widget elementor-widget-image\" data-id=\"89ab21a\" data-element_type=\"widget\" data-e-type=\"widget\" data-widget_type=\"image.default\">\n\t\t\t\t<div class=\"elementor-widget-container\">\n\t\t\t\t\t\t\t\t\t\t\t\t\t\t\t<img decoding=\"async\" src=\"https:\/\/ferienwohnung-wendisch.de\/wp-content\/uploads\/elementor\/thumbs\/Ulmenstr14_85s-q7j89q59gbbu2uiew0bmsqsec8obi9vhmiegut2oia.jpg\" title=\"Ulmenstr14_85s\" alt=\"Ulmenstr14_85s\" loading=\"lazy\" \/>\t\t\t\t\t\t\t\t\t\t\t\t\t\t\t<\/div>\n\t\t\t\t<\/div>\n\t\t\t\t<section class=\"elementor-section elementor-inner-section elementor-element elementor-element-7a19ee1 elementor-section-full_width elementor-section-height-default elementor-section-height-default\" data-id=\"7a19ee1\" data-element_type=\"section\" data-e-type=\"section\">\n\t\t\t\t\t\t<div class=\"elementor-container elementor-column-gap-no\">\n\t\t\t\t\t<div class=\"elementor-column elementor-col-100 elementor-inner-column elementor-element elementor-element-371c4441\" data-id=\"371c4441\" data-element_type=\"column\" data-e-type=\"column\">\n\t\t\t<div class=\"elementor-widget-wrap elementor-element-populated\">\n\t\t\t\t\t\t<div class=\"elementor-element elementor-element-14e4796c elementor-widget elementor-widget-text-editor\" data-id=\"14e4796c\" data-element_type=\"widget\" data-e-type=\"widget\" data-widget_type=\"text-editor.default\">\n\t\t\t\t<div class=\"elementor-widget-container\">\n\t\t\t\t\t\t\t\t\t<div style=\"text-align: start;\" data-pm-slice=\"1 1 []\" data-en-clipboard=\"true\">Wendisch Rietz ist ein familienfreundlicher Erholungsort, der viel Abwechslung bietet.<\/div>\n<div>\u00a0<\/div>\n<div style=\"text-align: start;\">Besonders Wasserliebhaber kommen auf ihre Kosten. Der 13,9 Quadratkilometer umfassende Scharm\u00fctzelsee liegt direkt vor Wendisch Rietz, w\u00e4hrend sich im S\u00fcden die malerische Glubigseenkette in nahezu unber\u00fchrter Landschaft erstreckt. Westlich davon befindet sich der Storkower See, der seit 1732 durch den Rietzer Graben mit dem Scharm\u00fctzelsee verbunden ist. Dank einer 1862 in Wendisch Rietz errichteten Schleuse kann man sogar direkt bis nach Berlin schippern.<\/div>\n<div>\u00a0<\/div>\n<div style=\"text-align: start; margin-bottom: 20px;\">Die Gegend ist zudem durchzogen von einem weitl\u00e4ufigen Wegenetz, das durch Wald und Wiesen f\u00fchrt und Radfahrer, Reiter, Wanderer und Spazierg\u00e4nger zu einem aktiven und entspannenden Urlaub einl\u00e4dt. Neben Badestr\u00e4nden bietet Wendisch Rietz auch das Scharmuntzelland mit seinem Kindertierhof, den Kneipp-Park, Sport- und Spielpl\u00e4tze sowie eine Vielzahl an Restaurants, die zum Verweilen einladen. Wer Entspannung sucht, kann in der gro\u00dfz\u00fcgigen Saunalandschaft des Satama die wohltuende W\u00e4rme oder eine Massage genie\u00dfen.<\/div>\t\t\t\t\t\t\t\t<\/div>\n\t\t\t\t<\/div>\n\t\t\t\t\t<\/div>\n\t\t<\/div>\n\t\t\t\t\t<\/div>\n\t\t<\/section>\n\t\t\t\t\t<\/div>\n\t\t<\/div>\n\t\t\t\t\t<\/div>\n\t\t<\/section>\n\t\t\t\t<section class=\"elementor-section elementor-top-section elementor-element elementor-element-79c23755 elementor-section-boxed elementor-section-height-default elementor-section-height-default\" data-id=\"79c23755\" data-element_type=\"section\" data-e-type=\"section\" data-settings=\"{&quot;background_background&quot;:&quot;classic&quot;}\">\n\t\t\t\t\t\t<div class=\"elementor-container elementor-column-gap-no\">\n\t\t\t\t\t<div class=\"elementor-column elementor-col-100 elementor-top-column elementor-element elementor-element-39e1062\" data-id=\"39e1062\" data-element_type=\"column\" data-e-type=\"column\">\n\t\t\t<div class=\"elementor-widget-wrap elementor-element-populated\">\n\t\t\t\t\t\t<div class=\"elementor-element elementor-element-1794f4ed elementor-widget elementor-widget-heading\" data-id=\"1794f4ed\" data-element_type=\"widget\" data-e-type=\"widget\" data-widget_type=\"heading.default\">\n\t\t\t\t<div class=\"elementor-widget-container\">\n\t\t\t\t\t<h2 class=\"elementor-heading-title elementor-size-default\">Unsere Empfehlungen<\/h2>\t\t\t\t<\/div>\n\t\t\t\t<\/div>\n\t\t\t\t\t<\/div>\n\t\t<\/div>\n\t\t\t\t\t<\/div>\n\t\t<\/section>\n\t\t<div class=\"elementor-element elementor-element-78305b7 e-flex e-con-boxed e-con e-parent\" data-id=\"78305b7\" data-element_type=\"container\" data-e-type=\"container\">\n\t\t\t\t\t<div class=\"e-con-inner\">\n\t\t\t\t<div class=\"elementor-element elementor-element-7facde7 elementor-widget elementor-widget-text-editor\" data-id=\"7facde7\" data-element_type=\"widget\" data-e-type=\"widget\" data-widget_type=\"text-editor.default\">\n\t\t\t\t<div class=\"elementor-widget-container\">\n\t\t\t\t\t\t\t\t\t<p>Ein tolles Restaurant nur 5 Minuten zu Fu\u00df entfernt von unserer Ferienwohnung ist der&nbsp;<a href=\"https:\/\/www.messingkrug.de\/speisekarte\" target=\"_blank\">Messingkrug<\/a>. Hier gibt es Burger und hausgemachte Rippchen &#8211; wirklich lecker!&nbsp;<\/p>\n<p>Bei&nbsp;<a href=\"https:\/\/www.eddys-gasthaus.de\/\" target=\"_blank\">Eddy&#8217;s am Kanal<\/a>&nbsp;gerade mal 50 Meter weiter gibt es rustikale deutsche K\u00fcche mit lokalen Zutaten. Wirklich gut, gew\u00fcrzt mit einer sehr speziellen, aber ehrlichen Note von Brandenburger Herzlichkeit.&nbsp;<\/p>\n<p>Das&nbsp;<a href=\"http:\/\/landhaus-wendischrietz.de\/\" target=\"_blank\">Landhaus im Gr\u00fcnen&nbsp;<\/a>ist in ca. 10 Minuten zu Fu\u00df zu erreichen. Hier gibt es Fisch und Fleisch mit viel Liebe und top Preis-Leistungs-Verh\u00e4ltnis. Dazu gibt es eine Kinder-Spielecke.&nbsp;<\/p>\n<p>Andere Lokalit\u00e4ten in Wendisch Rietz muss man selber ausprobieren. Hier hielt sich unsere Begeisterung bisher in Grenzen.&nbsp;<\/p>\n<p>F\u00fcr frische Br\u00f6tchen sorgt jeden Morgen die&nbsp;<a href=\"https:\/\/www.baeckerei-dreissig.de\/cat\/index\/sCategory\/98\" target=\"_blank\">B\u00e4ckerei Drei\u00dfig<\/a>, die nur rund 100 Meter von unserer Ferienwohnung in Wendisch Rietz entfernt ist.<\/p>\t\t\t\t\t\t\t\t<\/div>\n\t\t\t\t<\/div>\n\t\t\t\t\t<\/div>\n\t\t\t\t<\/div>\n\t\t\t\t<\/div>\n\t\t","protected":false},"excerpt":{"rendered":"<p>Wendisch Rietz ist ein familienfreundlicher Erholungsort, der viel Abwechslung bietet. \u00a0 Besonders Wasserliebhaber kommen auf ihre Kosten. Der 13,9 Quadratkilometer umfassende Scharm\u00fctzelsee liegt direkt vor Wendisch Rietz, w\u00e4hrend sich im S\u00fcden die malerische Glubigseenkette in nahezu unber\u00fchrter Landschaft erstreckt. Westlich davon befindet sich der Storkower See, der seit 1732 durch den Rietzer Graben mit dem &hellip; <\/p>\n<p class=\"link-more\"><a href=\"https:\/\/ferienwohnung-wendisch.de\/?page_id=5592\" class=\"more-link\">Mehr <span class=\"screen-reader-text\">\u00fcber &#8220;&#8221; <\/span>Lesen<\/a><\/p>\n","protected":false},"author":5,"featured_media":0,"parent":0,"menu_order":0,"comment_status":"closed","ping_status":"closed","template":"page-templates\/full-width-no-title.php","meta":{"footnotes":""},"class_list":["post-5592","page","type-page","status-publish","hentry"],"featured_media_urls":[],"_links":{"self":[{"href":"https:\/\/ferienwohnung-wendisch.de\/index.php?rest_route=\/wp\/v2\/pages\/5592","targetHints":{"allow":["GET"]}}],"collection":[{"href":"https:\/\/ferienwohnung-wendisch.de\/index.php?rest_route=\/wp\/v2\/pages"}],"about":[{"href":"https:\/\/ferienwohnung-wendisch.de\/index.php?rest_route=\/wp\/v2\/types\/page"}],"author":[{"embeddable":true,"href":"https:\/\/ferienwohnung-wendisch.de\/index.php?rest_route=\/wp\/v2\/users\/5"}],"replies":[{"embeddable":true,"href":"https:\/\/ferienwohnung-wendisch.de\/index.php?rest_route=%2Fwp%2Fv2%2Fcomments&post=5592"}],"version-history":[{"count":18,"href":"https:\/\/ferienwohnung-wendisch.de\/index.php?rest_route=\/wp\/v2\/pages\/5592\/revisions"}],"predecessor-version":[{"id":6966,"href":"https:\/\/ferienwohnung-wendisch.de\/index.php?rest_route=\/wp\/v2\/pages\/5592\/revisions\/6966"}],"wp:attachment":[{"href":"https:\/\/ferienwohnung-wendisch.de\/index.php?rest_route=%2Fwp%2Fv2%2Fmedia&parent=5592"}],"curies":[{"name":"wp","href":"https:\/\/api.w.org\/{rel}","templated":true}]}}