{"id":628,"date":"2009-05-06T11:43:24","date_gmt":"2009-05-06T16:43:24","guid":{"rendered":"http:\/\/wpzoom.com\/zenko\/demo\/?page_id=3"},"modified":"2023-09-09T13:37:09","modified_gmt":"2023-09-09T11:37:09","slug":"contact","status":"publish","type":"page","link":"https:\/\/ferienwohnung-wendisch.de\/?page_id=628","title":{"rendered":"Contact"},"content":{"rendered":"\n<div style=\"height:148px\" aria-hidden=\"true\" class=\"wp-block-spacer\"><\/div>\n\n\n\n<div class=\"wp-block-group\"><div class=\"wp-block-group__inner-container is-layout-flow wp-block-group-is-layout-flow\">\n<div class=\"wp-block-columns is-layout-flex wp-container-core-columns-is-layout-9d6595d7 wp-block-columns-is-layout-flex\">\n<div class=\"wp-block-column is-layout-flow wp-block-column-is-layout-flow\">\n<div style=\"height:48px\" aria-hidden=\"true\" class=\"wp-block-spacer\"><\/div>\n\n\n\n<h2 class=\"wp-block-heading\" style=\"font-size:2em;font-weight:700\">Rezeption<\/h2>\n\n\n\n<p style=\"font-size:1.1em\">Unsere Rezeption &#8220;Urlaub am See&#8221; liegt nur wenige Meter entfernt in der Strandstra\u00dfe 7. Hier erhalten Sie den Schl\u00fcssel sowie kompetente Unterst\u00fctzung bei Fragen.<\/p>\n\n\n\n<p style=\"font-size:2em;font-weight:700\">Preise &amp; Buchung<\/p>\n\n\n\n<p>Informieren Sie sich \u00fcber unsere aktuellen \u00dcbernachtungspreise direkt \u00fcber die Seite unseres Partners &#8220;Urlaub am See&#8221;. Dort k\u00f6nnen Sie <a rel=\"noreferrer noopener\" href=\"https:\/\/marinapark.direct-reservation.net\/de\/accommodation\/rooms\/park-apartment-whg-12\" data-type=\"URL\" data-id=\"https:\/\/www.urlaub-scharmuetzelsee.de\/de\/apartment-12\" target=\"_blank\">unser Apartment auch direkt buchen.<\/a> Wenn Sie \u00fcber diesen Link buchen, bekommen Sie auf den Gesamtpreis einen kleinen Preisvorteil. Bitte geben Sie bei der Buchung im Feld &#8220;Actionscode&#8221; &#8220;Ulmen1412&#8221; an.<\/p>\n<\/div>\n\n\n\n<div class=\"wp-block-column is-layout-flow wp-block-column-is-layout-flow\">\n<div style=\"height:68px\" aria-hidden=\"true\" class=\"wp-block-spacer\"><\/div>\n\n\n\n<iframe src=\"https:\/\/www.google.com\/maps\/embed?pb=!1m18!1m12!1m3!1d13146.938941194363!2d14.020866315043426!3d52.214106271666424!2m3!1f0!2f0!3f0!3m2!1i1024!2i768!4f13.1!3m3!1m2!1s0x47078aadc6b86f31%3A0x33f5be9980a04bf7!2sStrandstra%C3%9Fe%207%2C%2015864%20Wendisch%20Rietz!5e0!3m2!1sde!2sde!4v1686210900732!5m2!1sde!2sde\" width=\"600\" height=\"450\" style=\"border:0;\" allowfullscreen=\"\" loading=\"lazy\" referrerpolicy=\"no-referrer-when-downgrade\"><\/iframe>\n<\/div>\n<\/div>\n<\/div><\/div>\n\n\n\n<div style=\"height:100px\" aria-hidden=\"true\" class=\"wp-block-spacer\"><\/div>\n","protected":false},"excerpt":{"rendered":"<p>Rezeption Unsere Rezeption &#8220;Urlaub am See&#8221; liegt nur wenige Meter entfernt in der Strandstra\u00dfe 7. Hier erhalten Sie den Schl\u00fcssel sowie kompetente Unterst\u00fctzung bei Fragen. Preise &amp; Buchung Informieren Sie sich \u00fcber unsere aktuellen \u00dcbernachtungspreise direkt \u00fcber die Seite unseres Partners &#8220;Urlaub am See&#8221;. Dort k\u00f6nnen Sie unser Apartment auch direkt buchen. Wenn Sie \u00fcber &hellip; <\/p>\n<p class=\"link-more\"><a href=\"https:\/\/ferienwohnung-wendisch.de\/?page_id=628\" class=\"more-link\">Mehr <span class=\"screen-reader-text\">\u00fcber &#8220;Contact&#8221; <\/span>Lesen<\/a><\/p>\n","protected":false},"author":5,"featured_media":0,"parent":0,"menu_order":0,"comment_status":"closed","ping_status":"closed","template":"page-templates\/full-width-no-title.php","meta":{"footnotes":""},"class_list":["post-628","page","type-page","status-publish","hentry"],"featured_media_urls":[],"_links":{"self":[{"href":"https:\/\/ferienwohnung-wendisch.de\/index.php?rest_route=\/wp\/v2\/pages\/628","targetHints":{"allow":["GET"]}}],"collection":[{"href":"https:\/\/ferienwohnung-wendisch.de\/index.php?rest_route=\/wp\/v2\/pages"}],"about":[{"href":"https:\/\/ferienwohnung-wendisch.de\/index.php?rest_route=\/wp\/v2\/types\/page"}],"author":[{"embeddable":true,"href":"https:\/\/ferienwohnung-wendisch.de\/index.php?rest_route=\/wp\/v2\/users\/5"}],"replies":[{"embeddable":true,"href":"https:\/\/ferienwohnung-wendisch.de\/index.php?rest_route=%2Fwp%2Fv2%2Fcomments&post=628"}],"version-history":[{"count":5,"href":"https:\/\/ferienwohnung-wendisch.de\/index.php?rest_route=\/wp\/v2\/pages\/628\/revisions"}],"predecessor-version":[{"id":6959,"href":"https:\/\/ferienwohnung-wendisch.de\/index.php?rest_route=\/wp\/v2\/pages\/628\/revisions\/6959"}],"wp:attachment":[{"href":"https:\/\/ferienwohnung-wendisch.de\/index.php?rest_route=%2Fwp%2Fv2%2Fmedia&parent=628"}],"curies":[{"name":"wp","href":"https:\/\/api.w.org\/{rel}","templated":true}]}}